{"id":281,"date":"2014-09-26T14:51:01","date_gmt":"2014-09-26T13:51:01","guid":{"rendered":"http:\/\/new1.tsoft.cz\/?page_id=281"},"modified":"2021-09-29T12:16:25","modified_gmt":"2021-09-29T11:16:25","slug":"ochrana-osobnich-udaju-soukromi","status":"publish","type":"page","link":"\/en\/ochrana-osobnich-udaju-soukromi\/","title":{"rendered":"Ochrana osobn\u00edch \u00fadaj\u016f a soukrom\u00ed"},"content":{"rendered":"<p class=\"qtranxs-available-languages-message qtranxs-available-languages-message-en\">Sorry, this entry is only available in <a href=\"https:\/\/tsoft.cz\/cz\/wp-json\/wp\/v2\/pages\/281\" class=\"qtranxs-available-language-link qtranxs-available-language-link-cz\" title=\"\u010ce\u0161tina\">\u010ce\u0161tina<\/a>.<\/p>","protected":false},"excerpt":{"rendered":"<p>Sorry, this entry is only available in \u010ce\u0161tina.<\/p>\n","protected":false},"author":14,"featured_media":0,"parent":0,"menu_order":0,"comment_status":"closed","ping_status":"open","template":"","meta":{"_acf_changed":false,"footnotes":""},"class_list":["post-281","page","type-page","status-publish","hentry"],"acf":[],"yoast_head":"<!-- This site is optimized with the Yoast SEO plugin v27.3 - https:\/\/yoast.com\/product\/yoast-seo-wordpress\/ -->\n<title>Ochrana osobn\u00edch \u00fadaj\u016f a soukrom\u00ed | T-SOFT<\/title>\n<meta name=\"description\" content=\"N\u00e1sleduj\u00edc\u00ed z\u00e1sady se vztahuj\u00ed na dodr\u017eov\u00e1n\u00ed pr\u00e1va na ochranu osobn\u00edch \u00fadaj\u016f a soukrom\u00ed ve spole\u010dnosti T-SOFT a.s. (d\u00e1le jen Spole\u010dnost) v souvislosti s\" \/>\n<meta name=\"robots\" content=\"index, follow, max-snippet:-1, max-image-preview:large, max-video-preview:-1\" \/>\n<link rel=\"canonical\" href=\"https:\/\/tsoft.cz\/en\/cestina-ochrana-osobnich-udaju\/\" \/>\n<meta property=\"og:locale\" content=\"en_US\" \/>\n<meta property=\"og:type\" content=\"article\" \/>\n<meta property=\"og:title\" content=\"Ochrana osobn\u00edch \u00fadaj\u016f a soukrom\u00ed | T-SOFT\" \/>\n<meta property=\"og:description\" content=\"N\u00e1sleduj\u00edc\u00ed z\u00e1sady se vztahuj\u00ed na dodr\u017eov\u00e1n\u00ed pr\u00e1va na ochranu osobn\u00edch \u00fadaj\u016f a soukrom\u00ed ve spole\u010dnosti T-SOFT a.s. (d\u00e1le jen Spole\u010dnost) v souvislosti s\" \/>\n<meta property=\"og:url\" content=\"\/en\/cestina-ochrana-osobnich-udaju\/\" \/>\n<meta property=\"og:site_name\" content=\"T-SOFT\" \/>\n<meta property=\"article:modified_time\" content=\"2021-09-29T11:16:25+00:00\" \/>\n<meta name=\"twitter:label1\" content=\"Est. reading time\" \/>\n\t<meta name=\"twitter:data1\" content=\"6 minutes\" \/>\n<script type=\"application\/ld+json\" class=\"yoast-schema-graph\">{\"@context\":\"https:\\\/\\\/schema.org\",\"@graph\":[{\"@type\":\"WebPage\",\"@id\":\"\\\/en\\\/cestina-ochrana-osobnich-udaju\\\/\",\"url\":\"https:\\\/\\\/tsoft.cz\\\/en\\\/cestina-ochrana-osobnich-udaju\\\/\",\"name\":\"Ochrana osobn\u00edch \u00fadaj\u016f a soukrom\u00ed | T-SOFT\",\"isPartOf\":{\"@id\":\"https:\\\/\\\/www.tsoft.cz\\\/#website\"},\"datePublished\":\"2014-09-26T13:51:01+00:00\",\"dateModified\":\"2021-09-29T11:16:25+00:00\",\"description\":\"N\u00e1sleduj\u00edc\u00ed z\u00e1sady se vztahuj\u00ed na dodr\u017eov\u00e1n\u00ed pr\u00e1va na ochranu osobn\u00edch \u00fadaj\u016f a soukrom\u00ed ve spole\u010dnosti T-SOFT a.s. (d\u00e1le jen Spole\u010dnost) v souvislosti s\",\"breadcrumb\":{\"@id\":\"https:\\\/\\\/tsoft.cz\\\/en\\\/cestina-ochrana-osobnich-udaju\\\/#breadcrumb\"},\"inLanguage\":\"en-US\",\"potentialAction\":[{\"@type\":\"ReadAction\",\"target\":[[\"https:\\\/\\\/tsoft.cz\\\/en\\\/cestina-ochrana-osobnich-udaju\\\/\"]]}]},{\"@type\":\"BreadcrumbList\",\"@id\":\"https:\\\/\\\/tsoft.cz\\\/en\\\/cestina-ochrana-osobnich-udaju\\\/#breadcrumb\",\"itemListElement\":[{\"@type\":\"ListItem\",\"position\":1,\"name\":\"Dom\u016f\",\"item\":\"\\\/en\\\/\"},{\"@type\":\"ListItem\",\"position\":2,\"name\":\"(\u010ce\u0161tina) Ochrana osobn\u00edch \u00fadaj\u016f a soukrom\u00ed\"}]},{\"@type\":\"WebSite\",\"@id\":\"https:\\\/\\\/www.tsoft.cz\\\/#website\",\"url\":\"https:\\\/\\\/www.tsoft.cz\\\/\",\"name\":\"T-SOFT\",\"description\":\"This is IT!\",\"potentialAction\":[{\"@type\":\"SearchAction\",\"target\":{\"@type\":\"EntryPoint\",\"urlTemplate\":\"https:\\\/\\\/www.tsoft.cz\\\/?s={search_term_string}\"},\"query-input\":{\"@type\":\"PropertyValueSpecification\",\"valueRequired\":true,\"valueName\":\"search_term_string\"}}],\"inLanguage\":\"en-US\"}]}<\/script>\n<!-- \/ Yoast SEO plugin. -->","yoast_head_json":{"title":"Ochrana osobn\u00edch \u00fadaj\u016f a soukrom\u00ed | T-SOFT","description":"N\u00e1sleduj\u00edc\u00ed z\u00e1sady se vztahuj\u00ed na dodr\u017eov\u00e1n\u00ed pr\u00e1va na ochranu osobn\u00edch \u00fadaj\u016f a soukrom\u00ed ve spole\u010dnosti T-SOFT a.s. (d\u00e1le jen Spole\u010dnost) v souvislosti s","robots":{"index":"index","follow":"follow","max-snippet":"max-snippet:-1","max-image-preview":"max-image-preview:large","max-video-preview":"max-video-preview:-1"},"canonical":"https:\/\/tsoft.cz\/en\/cestina-ochrana-osobnich-udaju\/","og_locale":"en_US","og_type":"article","og_title":"Ochrana osobn\u00edch \u00fadaj\u016f a soukrom\u00ed | T-SOFT","og_description":"N\u00e1sleduj\u00edc\u00ed z\u00e1sady se vztahuj\u00ed na dodr\u017eov\u00e1n\u00ed pr\u00e1va na ochranu osobn\u00edch \u00fadaj\u016f a soukrom\u00ed ve spole\u010dnosti T-SOFT a.s. (d\u00e1le jen Spole\u010dnost) v souvislosti s","og_url":"\/en\/cestina-ochrana-osobnich-udaju\/","og_site_name":"T-SOFT","article_modified_time":"2021-09-29T11:16:25+00:00","twitter_misc":{"Est. reading time":"6 minutes"},"schema":{"@context":"https:\/\/schema.org","@graph":[{"@type":"WebPage","@id":"\/en\/cestina-ochrana-osobnich-udaju\/","url":"https:\/\/tsoft.cz\/en\/cestina-ochrana-osobnich-udaju\/","name":"Ochrana osobn\u00edch \u00fadaj\u016f a soukrom\u00ed | T-SOFT","isPartOf":{"@id":"https:\/\/www.tsoft.cz\/#website"},"datePublished":"2014-09-26T13:51:01+00:00","dateModified":"2021-09-29T11:16:25+00:00","description":"N\u00e1sleduj\u00edc\u00ed z\u00e1sady se vztahuj\u00ed na dodr\u017eov\u00e1n\u00ed pr\u00e1va na ochranu osobn\u00edch \u00fadaj\u016f a soukrom\u00ed ve spole\u010dnosti T-SOFT a.s. (d\u00e1le jen Spole\u010dnost) v souvislosti s","breadcrumb":{"@id":"https:\/\/tsoft.cz\/en\/cestina-ochrana-osobnich-udaju\/#breadcrumb"},"inLanguage":"en-US","potentialAction":[{"@type":"ReadAction","target":[["https:\/\/tsoft.cz\/en\/cestina-ochrana-osobnich-udaju\/"]]}]},{"@type":"BreadcrumbList","@id":"https:\/\/tsoft.cz\/en\/cestina-ochrana-osobnich-udaju\/#breadcrumb","itemListElement":[{"@type":"ListItem","position":1,"name":"Dom\u016f","item":"\/en\/"},{"@type":"ListItem","position":2,"name":"(\u010ce\u0161tina) Ochrana osobn\u00edch \u00fadaj\u016f a soukrom\u00ed"}]},{"@type":"WebSite","@id":"https:\/\/www.tsoft.cz\/#website","url":"https:\/\/www.tsoft.cz\/","name":"T-SOFT","description":"This is IT!","potentialAction":[{"@type":"SearchAction","target":{"@type":"EntryPoint","urlTemplate":"https:\/\/www.tsoft.cz\/?s={search_term_string}"},"query-input":{"@type":"PropertyValueSpecification","valueRequired":true,"valueName":"search_term_string"}}],"inLanguage":"en-US"}]}},"_links":{"self":[{"href":"https:\/\/tsoft.cz\/en\/wp-json\/wp\/v2\/pages\/281","targetHints":{"allow":["GET"]}}],"collection":[{"href":"https:\/\/tsoft.cz\/en\/wp-json\/wp\/v2\/pages"}],"about":[{"href":"https:\/\/tsoft.cz\/en\/wp-json\/wp\/v2\/types\/page"}],"author":[{"embeddable":true,"href":"https:\/\/tsoft.cz\/en\/wp-json\/wp\/v2\/users\/14"}],"replies":[{"embeddable":true,"href":"https:\/\/tsoft.cz\/en\/wp-json\/wp\/v2\/comments?post=281"}],"version-history":[{"count":27,"href":"https:\/\/tsoft.cz\/en\/wp-json\/wp\/v2\/pages\/281\/revisions"}],"predecessor-version":[{"id":5314,"href":"https:\/\/tsoft.cz\/en\/wp-json\/wp\/v2\/pages\/281\/revisions\/5314"}],"wp:attachment":[{"href":"https:\/\/tsoft.cz\/en\/wp-json\/wp\/v2\/media?parent=281"}],"curies":[{"name":"wp","href":"https:\/\/api.w.org\/{rel}","templated":true}]}}