{"id":277,"date":"2014-09-26T14:50:26","date_gmt":"2014-09-26T13:50:26","guid":{"rendered":"http:\/\/new1.tsoft.cz\/?page_id=277"},"modified":"2025-12-09T15:38:51","modified_gmt":"2025-12-09T14:38:51","slug":"kariera","status":"publish","type":"page","link":"\/en\/kariera\/","title":{"rendered":"Careers"},"content":{"rendered":"<p><\/p>\n<h3>Join a team of innovators<\/h3>\n<p>Do you want to work for a company that is on the cutting edge of IT technology, security and crisis management? T-SOFT offers you the opportunity to be part of a team that creates innovative solutions for key customers in the public and private sectors. Join us and help shape the future of the digital world!<\/p>\n<h3>Why work for us?<\/h3>\n<ul>\n<li>Stable background: we have been a reliable partner for our clients for more than 30 years, and we offer the same stable background to our employees.<\/li>\n<li>Innovation: our projects include modern technologies such as post-quantum encryption, crisis management or the development of customised information systems.<\/li>\n<li>Trust and accountability: we work on projects with the highest security standards, including those classified as &#8220;Secret&#8221;.<\/li>\n<li>Personal development: we support training, certifications and career development so you can continuously improve your skills.<\/li>\n<li>Flexibility: we offer a hybrid working model that allows you to balance work and personal life.<\/li>\n<\/ul>\n<h3>Our values<\/h3>\n<ul>\n<li>Teamwork: we work together to find the best solutions and share our know-how.<\/li>\n<li>Quality: we focus on precision and the long-term value of our solutions.<\/li>\n<li>Initiative: We value ideas and creativity that help move our projects forward.<\/li>\n<\/ul>\n<h3>Who are we looking for?<\/h3>\n<ul>\n<li>Development and programming: development of information systems, web applications and software solutions.<\/li>\n<li>Cybersecurity: risk analysis, security audits and design of protective measures.<\/li>\n<li>Project management: coordination of IT projects and teamwork with clients.<\/li>\n<li>Crisis management: planning and implementation of emergency preparedness exercises.<\/li>\n<li>IT support and administration: ensuring the operation and technical support of our systems.<\/li>\n<\/ul>\n<h3>What do we offer you?<\/h3>\n<ul>\n<li>Attractive financial evaluation.<\/li>\n<li>Opportunity to work on key projects in the public and private sector.<\/li>\n<li>Hybrid working model (home office and office).<\/li>\n<li>Access to the latest technology and industry experts.<\/li>\n<li>Training, certification and other opportunities for personal development.<\/li>\n<li>Friendly company culture and team atmosphere.<\/li>\n<li>Prospects of long-term employment in a stable company with long-term clients.<\/li>\n<li>5 weeks of vacation.<\/li>\n<li>Meal allowance.<\/li>\n<li>Contribution to pension \/ life insurance.<\/li>\n<li>Motivational financial remuneration.<\/li>\n<li>Advantageous mobile tariff for family members.<\/li>\n<li>Coffee, tea, fruit at the workplace.<\/li>\n<\/ul>\n<h3>What do our colleagues say about working for us?<\/h3>\n<p>&#8220;What I appreciate most\u00a0 about T-SOFT is its open approach to innovation. I have the opportunity to work on projects that have a real impact while constantly learning new things.&#8221;<br \/>\n&#8211; Jan, Cyber Security Specialist<\/p>\n<p>&#8220;T-SOFT allows me to combine professional work with personal development. I appreciate the friendly atmosphere and flexibility.&#8221;<br \/>\n&#8211; Petra, project manager<\/p>\n<h3>Do you want to become part of T-SOFT?<\/h3>\n<ol>\n<li>Take a look at our current vacancies.<\/li>\n<li>Send us your CV and a short motivation letter.<\/li>\n<li>Attend an interview to find out how we can succeed together.<\/li>\n<\/ol>\n<h4>BE PART OF THE TEAM THAT IS CHANGING THE WORLD OF IT!<\/h4>\n<p><strong>Contact us at <a href=\"mailto:personalistika@tsoft.cz\">personalistika@tsoft.cz <\/a>\u00a0(Jana Ra\u0161kov\u00e1) or call us on +420 222 268 738.<\/strong><\/p>","protected":false},"excerpt":{"rendered":"<p>Join a team of innovators Do you want to work for a company that is on the cutting edge of IT technology, security and crisis management? T-SOFT offers you the opportunity to [&hellip;]<\/p>\n","protected":false},"author":14,"featured_media":0,"parent":0,"menu_order":0,"comment_status":"closed","ping_status":"open","template":"kariera.php","meta":{"_acf_changed":false,"footnotes":""},"class_list":["post-277","page","type-page","status-publish","hentry"],"acf":[],"yoast_head":"<!-- This site is optimized with the Yoast SEO plugin v27.3 - https:\/\/yoast.com\/product\/yoast-seo-wordpress\/ -->\n<title>Careers | T-SOFT<\/title>\n<meta name=\"description\" content=\"P\u0159ipojte se k t\u00fdmu inov\u00e1tor\u016f Chcete pracovat ve spole\u010dnosti, kter\u00e1 je na \u0161pici IT technologi\u00ed, bezpe\u010dnosti a krizov\u00e9ho \u0159\u00edzen\u00ed? T-SOFT v\u00e1m nab\u00edz\u00ed\" \/>\n<meta name=\"robots\" content=\"index, follow, max-snippet:-1, max-image-preview:large, max-video-preview:-1\" \/>\n<link rel=\"canonical\" href=\"https:\/\/tsoft.cz\/en\/kariera\/\" \/>\n<meta property=\"og:locale\" content=\"en_US\" \/>\n<meta property=\"og:type\" content=\"article\" \/>\n<meta property=\"og:title\" content=\"Careers | T-SOFT\" \/>\n<meta property=\"og:description\" content=\"P\u0159ipojte se k t\u00fdmu inov\u00e1tor\u016f Chcete pracovat ve spole\u010dnosti, kter\u00e1 je na \u0161pici IT technologi\u00ed, bezpe\u010dnosti a krizov\u00e9ho \u0159\u00edzen\u00ed? T-SOFT v\u00e1m nab\u00edz\u00ed\" \/>\n<meta property=\"og:url\" content=\"\/en\/kariera\/\" \/>\n<meta property=\"og:site_name\" content=\"T-SOFT\" \/>\n<meta property=\"article:modified_time\" content=\"2025-12-09T14:38:51+00:00\" \/>\n<meta name=\"twitter:label1\" content=\"Est. reading time\" \/>\n\t<meta name=\"twitter:data1\" content=\"3 minutes\" \/>\n<script type=\"application\/ld+json\" class=\"yoast-schema-graph\">{\"@context\":\"https:\\\/\\\/schema.org\",\"@graph\":[{\"@type\":\"WebPage\",\"@id\":\"\\\/en\\\/kariera\\\/\",\"url\":\"https:\\\/\\\/tsoft.cz\\\/en\\\/kariera\\\/\",\"name\":\"Careers | T-SOFT\",\"isPartOf\":{\"@id\":\"https:\\\/\\\/www.tsoft.cz\\\/#website\"},\"datePublished\":\"2014-09-26T13:50:26+00:00\",\"dateModified\":\"2025-12-09T14:38:51+00:00\",\"description\":\"P\u0159ipojte se k t\u00fdmu inov\u00e1tor\u016f Chcete pracovat ve spole\u010dnosti, kter\u00e1 je na \u0161pici IT technologi\u00ed, bezpe\u010dnosti a krizov\u00e9ho \u0159\u00edzen\u00ed? T-SOFT v\u00e1m nab\u00edz\u00ed\",\"breadcrumb\":{\"@id\":\"https:\\\/\\\/tsoft.cz\\\/en\\\/kariera\\\/#breadcrumb\"},\"inLanguage\":\"en-US\",\"potentialAction\":[{\"@type\":\"ReadAction\",\"target\":[[\"https:\\\/\\\/tsoft.cz\\\/en\\\/kariera\\\/\"]]}]},{\"@type\":\"BreadcrumbList\",\"@id\":\"https:\\\/\\\/tsoft.cz\\\/en\\\/kariera\\\/#breadcrumb\",\"itemListElement\":[{\"@type\":\"ListItem\",\"position\":1,\"name\":\"Dom\u016f\",\"item\":\"\\\/en\\\/\"},{\"@type\":\"ListItem\",\"position\":2,\"name\":\"Kari\u00e9ra\"}]},{\"@type\":\"WebSite\",\"@id\":\"https:\\\/\\\/www.tsoft.cz\\\/#website\",\"url\":\"https:\\\/\\\/www.tsoft.cz\\\/\",\"name\":\"T-SOFT\",\"description\":\"This is IT!\",\"potentialAction\":[{\"@type\":\"SearchAction\",\"target\":{\"@type\":\"EntryPoint\",\"urlTemplate\":\"https:\\\/\\\/www.tsoft.cz\\\/?s={search_term_string}\"},\"query-input\":{\"@type\":\"PropertyValueSpecification\",\"valueRequired\":true,\"valueName\":\"search_term_string\"}}],\"inLanguage\":\"en-US\"}]}<\/script>\n<!-- \/ Yoast SEO plugin. -->","yoast_head_json":{"title":"Careers | T-SOFT","description":"P\u0159ipojte se k t\u00fdmu inov\u00e1tor\u016f Chcete pracovat ve spole\u010dnosti, kter\u00e1 je na \u0161pici IT technologi\u00ed, bezpe\u010dnosti a krizov\u00e9ho \u0159\u00edzen\u00ed? T-SOFT v\u00e1m nab\u00edz\u00ed","robots":{"index":"index","follow":"follow","max-snippet":"max-snippet:-1","max-image-preview":"max-image-preview:large","max-video-preview":"max-video-preview:-1"},"canonical":"https:\/\/tsoft.cz\/en\/kariera\/","og_locale":"en_US","og_type":"article","og_title":"Careers | T-SOFT","og_description":"P\u0159ipojte se k t\u00fdmu inov\u00e1tor\u016f Chcete pracovat ve spole\u010dnosti, kter\u00e1 je na \u0161pici IT technologi\u00ed, bezpe\u010dnosti a krizov\u00e9ho \u0159\u00edzen\u00ed? T-SOFT v\u00e1m nab\u00edz\u00ed","og_url":"\/en\/kariera\/","og_site_name":"T-SOFT","article_modified_time":"2025-12-09T14:38:51+00:00","twitter_misc":{"Est. reading time":"3 minutes"},"schema":{"@context":"https:\/\/schema.org","@graph":[{"@type":"WebPage","@id":"\/en\/kariera\/","url":"https:\/\/tsoft.cz\/en\/kariera\/","name":"Careers | T-SOFT","isPartOf":{"@id":"https:\/\/www.tsoft.cz\/#website"},"datePublished":"2014-09-26T13:50:26+00:00","dateModified":"2025-12-09T14:38:51+00:00","description":"P\u0159ipojte se k t\u00fdmu inov\u00e1tor\u016f Chcete pracovat ve spole\u010dnosti, kter\u00e1 je na \u0161pici IT technologi\u00ed, bezpe\u010dnosti a krizov\u00e9ho \u0159\u00edzen\u00ed? T-SOFT v\u00e1m nab\u00edz\u00ed","breadcrumb":{"@id":"https:\/\/tsoft.cz\/en\/kariera\/#breadcrumb"},"inLanguage":"en-US","potentialAction":[{"@type":"ReadAction","target":[["https:\/\/tsoft.cz\/en\/kariera\/"]]}]},{"@type":"BreadcrumbList","@id":"https:\/\/tsoft.cz\/en\/kariera\/#breadcrumb","itemListElement":[{"@type":"ListItem","position":1,"name":"Dom\u016f","item":"\/en\/"},{"@type":"ListItem","position":2,"name":"Kari\u00e9ra"}]},{"@type":"WebSite","@id":"https:\/\/www.tsoft.cz\/#website","url":"https:\/\/www.tsoft.cz\/","name":"T-SOFT","description":"This is IT!","potentialAction":[{"@type":"SearchAction","target":{"@type":"EntryPoint","urlTemplate":"https:\/\/www.tsoft.cz\/?s={search_term_string}"},"query-input":{"@type":"PropertyValueSpecification","valueRequired":true,"valueName":"search_term_string"}}],"inLanguage":"en-US"}]}},"_links":{"self":[{"href":"https:\/\/tsoft.cz\/en\/wp-json\/wp\/v2\/pages\/277","targetHints":{"allow":["GET"]}}],"collection":[{"href":"https:\/\/tsoft.cz\/en\/wp-json\/wp\/v2\/pages"}],"about":[{"href":"https:\/\/tsoft.cz\/en\/wp-json\/wp\/v2\/types\/page"}],"author":[{"embeddable":true,"href":"https:\/\/tsoft.cz\/en\/wp-json\/wp\/v2\/users\/14"}],"replies":[{"embeddable":true,"href":"https:\/\/tsoft.cz\/en\/wp-json\/wp\/v2\/comments?post=277"}],"version-history":[{"count":194,"href":"https:\/\/tsoft.cz\/en\/wp-json\/wp\/v2\/pages\/277\/revisions"}],"predecessor-version":[{"id":6515,"href":"https:\/\/tsoft.cz\/en\/wp-json\/wp\/v2\/pages\/277\/revisions\/6515"}],"wp:attachment":[{"href":"https:\/\/tsoft.cz\/en\/wp-json\/wp\/v2\/media?parent=277"}],"curies":[{"name":"wp","href":"https:\/\/api.w.org\/{rel}","templated":true}]}}