{"id":275,"date":"2014-09-26T14:49:45","date_gmt":"2014-09-26T13:49:45","guid":{"rendered":"http:\/\/new1.tsoft.cz\/?page_id=275"},"modified":"2025-02-05T13:51:05","modified_gmt":"2025-02-05T12:51:05","slug":"foundation-t-soft-eternity","status":"publish","type":"page","link":"\/en\/foundation-t-soft-eternity\/","title":{"rendered":"Foundation T-SOFT Eternity"},"content":{"rendered":"<p>The Foundation was established by the T-SOFT company on January 1, 2010. In its few years of existence, we have produced five CDs with fairy tales for children, six children\u2019s books and six interdisciplinary medical publications with a focus on sports.<\/p>\n<p><span style=\"color: #3d78c2;\"> We have the vision to invent and implement projects that would otherwise not have been realized&#8230;<\/span><\/p>\n<ul>\n<li>We publish children\u2019s books and children\u2019s books on tape.<\/li>\n<li>We award prizes and support major research efforts.<\/li>\n<li>We provide support to disabled athletes.<\/li>\n<\/ul>\n<h3>Governing Board<\/h3>\n<table>\n<tbody>\n<tr>\n<td>Chairman of the Board:<\/td>\n<td>Ing. Michal Van\u011b\u010dek, Ph.D., MBA<\/td>\n<\/tr>\n<tr>\n<td>1st Deputy Chairman:<\/td>\n<td>Ing. Jaroslav Pej\u010doch<\/td>\n<\/tr>\n<tr>\n<td>2nd Deputy Chairwoman:<\/td>\n<td>RNDr. Ivana Van\u011b\u010dkov\u00e1, CSc.<\/td>\n<\/tr>\n<\/tbody>\n<\/table>\n<p><\/p>","protected":false},"excerpt":{"rendered":"<p>The Foundation was established by the T-SOFT company on January 1, 2010. In its few years of existence, we have produced five CDs with fairy tales for children, six children\u2019s books and [&hellip;]<\/p>\n","protected":false},"author":14,"featured_media":0,"parent":0,"menu_order":0,"comment_status":"closed","ping_status":"open","template":"nadace.php","meta":{"_acf_changed":false,"footnotes":""},"class_list":["post-275","page","type-page","status-publish","hentry"],"acf":[],"yoast_head":"<!-- This site is optimized with the Yoast SEO plugin v27.3 - https:\/\/yoast.com\/product\/yoast-seo-wordpress\/ -->\n<title>Foundation T-SOFT Eternity | T-SOFT<\/title>\n<meta name=\"description\" content=\"Nadace byla zalo\u017eena spole\u010dnost\u00ed T-SOFT a.s. k 1.1.2010. Za t\u011bch p\u00e1r let existence jsme mimo jin\u00e9 pomohli na sv\u011bt p\u011bti CD s poh\u00e1dkami pro d\u011bti, \u0161esti\" \/>\n<meta name=\"robots\" content=\"index, follow, max-snippet:-1, max-image-preview:large, max-video-preview:-1\" \/>\n<link rel=\"canonical\" href=\"https:\/\/tsoft.cz\/en\/foundation-t-soft-eternity\/\" \/>\n<meta property=\"og:locale\" content=\"en_US\" \/>\n<meta property=\"og:type\" content=\"article\" \/>\n<meta property=\"og:title\" content=\"Foundation T-SOFT Eternity | T-SOFT\" \/>\n<meta property=\"og:description\" content=\"Nadace byla zalo\u017eena spole\u010dnost\u00ed T-SOFT a.s. k 1.1.2010. Za t\u011bch p\u00e1r let existence jsme mimo jin\u00e9 pomohli na sv\u011bt p\u011bti CD s poh\u00e1dkami pro d\u011bti, \u0161esti\" \/>\n<meta property=\"og:url\" content=\"\/en\/foundation-t-soft-eternity\/\" \/>\n<meta property=\"og:site_name\" content=\"T-SOFT\" \/>\n<meta property=\"article:modified_time\" content=\"2025-02-05T12:51:05+00:00\" \/>\n<meta name=\"twitter:label1\" content=\"Est. reading time\" \/>\n\t<meta name=\"twitter:data1\" content=\"1 minute\" \/>\n<script type=\"application\/ld+json\" class=\"yoast-schema-graph\">{\"@context\":\"https:\\\/\\\/schema.org\",\"@graph\":[{\"@type\":\"WebPage\",\"@id\":\"\\\/en\\\/foundation-t-soft-eternity\\\/\",\"url\":\"https:\\\/\\\/tsoft.cz\\\/en\\\/foundation-t-soft-eternity\\\/\",\"name\":\"Foundation T-SOFT Eternity | T-SOFT\",\"isPartOf\":{\"@id\":\"https:\\\/\\\/www.tsoft.cz\\\/#website\"},\"datePublished\":\"2014-09-26T13:49:45+00:00\",\"dateModified\":\"2025-02-05T12:51:05+00:00\",\"description\":\"Nadace byla zalo\u017eena spole\u010dnost\u00ed T-SOFT a.s. k 1.1.2010. Za t\u011bch p\u00e1r let existence jsme mimo jin\u00e9 pomohli na sv\u011bt p\u011bti CD s poh\u00e1dkami pro d\u011bti, \u0161esti\",\"breadcrumb\":{\"@id\":\"https:\\\/\\\/tsoft.cz\\\/en\\\/foundation-t-soft-eternity\\\/#breadcrumb\"},\"inLanguage\":\"en-US\",\"potentialAction\":[{\"@type\":\"ReadAction\",\"target\":[[\"https:\\\/\\\/tsoft.cz\\\/en\\\/foundation-t-soft-eternity\\\/\"]]}]},{\"@type\":\"BreadcrumbList\",\"@id\":\"https:\\\/\\\/tsoft.cz\\\/en\\\/foundation-t-soft-eternity\\\/#breadcrumb\",\"itemListElement\":[{\"@type\":\"ListItem\",\"position\":1,\"name\":\"Dom\u016f\",\"item\":\"\\\/en\\\/\"},{\"@type\":\"ListItem\",\"position\":2,\"name\":\"Nadace T-SOFT Eternity\"}]},{\"@type\":\"WebSite\",\"@id\":\"https:\\\/\\\/www.tsoft.cz\\\/#website\",\"url\":\"https:\\\/\\\/www.tsoft.cz\\\/\",\"name\":\"T-SOFT\",\"description\":\"This is IT!\",\"potentialAction\":[{\"@type\":\"SearchAction\",\"target\":{\"@type\":\"EntryPoint\",\"urlTemplate\":\"https:\\\/\\\/www.tsoft.cz\\\/?s={search_term_string}\"},\"query-input\":{\"@type\":\"PropertyValueSpecification\",\"valueRequired\":true,\"valueName\":\"search_term_string\"}}],\"inLanguage\":\"en-US\"}]}<\/script>\n<!-- \/ Yoast SEO plugin. -->","yoast_head_json":{"title":"Foundation T-SOFT Eternity | T-SOFT","description":"Nadace byla zalo\u017eena spole\u010dnost\u00ed T-SOFT a.s. k 1.1.2010. Za t\u011bch p\u00e1r let existence jsme mimo jin\u00e9 pomohli na sv\u011bt p\u011bti CD s poh\u00e1dkami pro d\u011bti, \u0161esti","robots":{"index":"index","follow":"follow","max-snippet":"max-snippet:-1","max-image-preview":"max-image-preview:large","max-video-preview":"max-video-preview:-1"},"canonical":"https:\/\/tsoft.cz\/en\/foundation-t-soft-eternity\/","og_locale":"en_US","og_type":"article","og_title":"Foundation T-SOFT Eternity | T-SOFT","og_description":"Nadace byla zalo\u017eena spole\u010dnost\u00ed T-SOFT a.s. k 1.1.2010. Za t\u011bch p\u00e1r let existence jsme mimo jin\u00e9 pomohli na sv\u011bt p\u011bti CD s poh\u00e1dkami pro d\u011bti, \u0161esti","og_url":"\/en\/foundation-t-soft-eternity\/","og_site_name":"T-SOFT","article_modified_time":"2025-02-05T12:51:05+00:00","twitter_misc":{"Est. reading time":"1 minute"},"schema":{"@context":"https:\/\/schema.org","@graph":[{"@type":"WebPage","@id":"\/en\/foundation-t-soft-eternity\/","url":"https:\/\/tsoft.cz\/en\/foundation-t-soft-eternity\/","name":"Foundation T-SOFT Eternity | T-SOFT","isPartOf":{"@id":"https:\/\/www.tsoft.cz\/#website"},"datePublished":"2014-09-26T13:49:45+00:00","dateModified":"2025-02-05T12:51:05+00:00","description":"Nadace byla zalo\u017eena spole\u010dnost\u00ed T-SOFT a.s. k 1.1.2010. Za t\u011bch p\u00e1r let existence jsme mimo jin\u00e9 pomohli na sv\u011bt p\u011bti CD s poh\u00e1dkami pro d\u011bti, \u0161esti","breadcrumb":{"@id":"https:\/\/tsoft.cz\/en\/foundation-t-soft-eternity\/#breadcrumb"},"inLanguage":"en-US","potentialAction":[{"@type":"ReadAction","target":[["https:\/\/tsoft.cz\/en\/foundation-t-soft-eternity\/"]]}]},{"@type":"BreadcrumbList","@id":"https:\/\/tsoft.cz\/en\/foundation-t-soft-eternity\/#breadcrumb","itemListElement":[{"@type":"ListItem","position":1,"name":"Dom\u016f","item":"\/en\/"},{"@type":"ListItem","position":2,"name":"Nadace T-SOFT Eternity"}]},{"@type":"WebSite","@id":"https:\/\/www.tsoft.cz\/#website","url":"https:\/\/www.tsoft.cz\/","name":"T-SOFT","description":"This is IT!","potentialAction":[{"@type":"SearchAction","target":{"@type":"EntryPoint","urlTemplate":"https:\/\/www.tsoft.cz\/?s={search_term_string}"},"query-input":{"@type":"PropertyValueSpecification","valueRequired":true,"valueName":"search_term_string"}}],"inLanguage":"en-US"}]}},"_links":{"self":[{"href":"https:\/\/tsoft.cz\/en\/wp-json\/wp\/v2\/pages\/275","targetHints":{"allow":["GET"]}}],"collection":[{"href":"https:\/\/tsoft.cz\/en\/wp-json\/wp\/v2\/pages"}],"about":[{"href":"https:\/\/tsoft.cz\/en\/wp-json\/wp\/v2\/types\/page"}],"author":[{"embeddable":true,"href":"https:\/\/tsoft.cz\/en\/wp-json\/wp\/v2\/users\/14"}],"replies":[{"embeddable":true,"href":"https:\/\/tsoft.cz\/en\/wp-json\/wp\/v2\/comments?post=275"}],"version-history":[{"count":33,"href":"https:\/\/tsoft.cz\/en\/wp-json\/wp\/v2\/pages\/275\/revisions"}],"predecessor-version":[{"id":6373,"href":"https:\/\/tsoft.cz\/en\/wp-json\/wp\/v2\/pages\/275\/revisions\/6373"}],"wp:attachment":[{"href":"https:\/\/tsoft.cz\/en\/wp-json\/wp\/v2\/media?parent=275"}],"curies":[{"name":"wp","href":"https:\/\/api.w.org\/{rel}","templated":true}]}}