{"id":2,"date":"2014-05-28T14:02:05","date_gmt":"2014-05-28T14:02:05","guid":{"rendered":"http:\/\/new1.tsoft.cz\/?page_id=2"},"modified":"2025-02-02T15:42:08","modified_gmt":"2025-02-02T14:42:08","slug":"uvodni-stranka","status":"publish","type":"page","link":"\/en\/","title":{"rendered":"Homepage"},"content":{"rendered":"","protected":false},"excerpt":{"rendered":"","protected":false},"author":14,"featured_media":0,"parent":0,"menu_order":0,"comment_status":"closed","ping_status":"open","template":"","meta":{"_acf_changed":false,"footnotes":""},"class_list":["post-2","page","type-page","status-publish","hentry"],"acf":[],"yoast_head":"<!-- This site is optimized with the Yoast SEO plugin v27.3 - https:\/\/yoast.com\/product\/yoast-seo-wordpress\/ -->\n<title>This is IT! | T-SOFT<\/title>\n<meta name=\"description\" content=\"Mezi hlavn\u00ed obory spole\u010dnosti T-SOFT jsou - tvorba webov\u00fdch aplikac\u00ed, datov\u00e9 sklady, LogManager (SIEM), spisov\u00e1 slu\u017eba a spr\u00e1va dokument\u016f, anal\u00fdza IT a dal\u0161\u00ed.\" \/>\n<meta name=\"robots\" content=\"index, follow, max-snippet:-1, max-image-preview:large, max-video-preview:-1\" \/>\n<link rel=\"canonical\" href=\"https:\/\/tsoft.cz\/en\/\" \/>\n<meta property=\"og:locale\" content=\"en_US\" \/>\n<meta property=\"og:type\" content=\"article\" \/>\n<meta property=\"og:title\" content=\"This is IT! | T-SOFT\" \/>\n<meta property=\"og:description\" content=\"Mezi hlavn\u00ed obory spole\u010dnosti T-SOFT jsou - tvorba webov\u00fdch aplikac\u00ed, datov\u00e9 sklady, LogManager (SIEM), spisov\u00e1 slu\u017eba a spr\u00e1va dokument\u016f, anal\u00fdza IT a dal\u0161\u00ed.\" \/>\n<meta property=\"og:url\" content=\"\/en\/\" \/>\n<meta property=\"og:site_name\" content=\"T-SOFT\" \/>\n<meta property=\"article:modified_time\" content=\"2025-02-02T14:42:08+00:00\" \/>\n<meta name=\"twitter:label1\" content=\"Est. reading time\" \/>\n\t<meta name=\"twitter:data1\" content=\"1 minute\" \/>\n<script type=\"application\/ld+json\" class=\"yoast-schema-graph\">{\"@context\":\"https:\\\/\\\/schema.org\",\"@graph\":[{\"@type\":\"WebPage\",\"@id\":\"\\\/en\\\/\",\"url\":\"https:\\\/\\\/tsoft.cz\\\/en\\\/\",\"name\":\"This is IT! | T-SOFT\",\"isPartOf\":{\"@id\":\"https:\\\/\\\/www.tsoft.cz\\\/#website\"},\"datePublished\":\"2014-05-28T14:02:05+00:00\",\"dateModified\":\"2025-02-02T14:42:08+00:00\",\"description\":\"Mezi hlavn\u00ed obory spole\u010dnosti T-SOFT jsou - tvorba webov\u00fdch aplikac\u00ed, datov\u00e9 sklady, LogManager (SIEM), spisov\u00e1 slu\u017eba a spr\u00e1va dokument\u016f, anal\u00fdza IT a dal\u0161\u00ed.\",\"breadcrumb\":{\"@id\":\"https:\\\/\\\/tsoft.cz\\\/en\\\/#breadcrumb\"},\"inLanguage\":\"en-US\",\"potentialAction\":[{\"@type\":\"ReadAction\",\"target\":[[\"https:\\\/\\\/tsoft.cz\\\/en\\\/\"]]}]},{\"@type\":\"BreadcrumbList\",\"@id\":\"https:\\\/\\\/tsoft.cz\\\/en\\\/#breadcrumb\",\"itemListElement\":[{\"@type\":\"ListItem\",\"position\":1,\"name\":\"Dom\u016f\",\"item\":\"\\\/en\\\/\"},{\"@type\":\"ListItem\",\"position\":2,\"name\":\"\u00davodn\u00ed str\u00e1nka\"}]},{\"@type\":\"WebSite\",\"@id\":\"https:\\\/\\\/www.tsoft.cz\\\/#website\",\"url\":\"https:\\\/\\\/www.tsoft.cz\\\/\",\"name\":\"T-SOFT\",\"description\":\"This is IT!\",\"potentialAction\":[{\"@type\":\"SearchAction\",\"target\":{\"@type\":\"EntryPoint\",\"urlTemplate\":\"https:\\\/\\\/www.tsoft.cz\\\/?s={search_term_string}\"},\"query-input\":{\"@type\":\"PropertyValueSpecification\",\"valueRequired\":true,\"valueName\":\"search_term_string\"}}],\"inLanguage\":\"en-US\"}]}<\/script>\n<!-- \/ Yoast SEO plugin. -->","yoast_head_json":{"title":"This is IT! | T-SOFT","description":"Mezi hlavn\u00ed obory spole\u010dnosti T-SOFT jsou - tvorba webov\u00fdch aplikac\u00ed, datov\u00e9 sklady, LogManager (SIEM), spisov\u00e1 slu\u017eba a spr\u00e1va dokument\u016f, anal\u00fdza IT a dal\u0161\u00ed.","robots":{"index":"index","follow":"follow","max-snippet":"max-snippet:-1","max-image-preview":"max-image-preview:large","max-video-preview":"max-video-preview:-1"},"canonical":"https:\/\/tsoft.cz\/en\/","og_locale":"en_US","og_type":"article","og_title":"This is IT! | T-SOFT","og_description":"Mezi hlavn\u00ed obory spole\u010dnosti T-SOFT jsou - tvorba webov\u00fdch aplikac\u00ed, datov\u00e9 sklady, LogManager (SIEM), spisov\u00e1 slu\u017eba a spr\u00e1va dokument\u016f, anal\u00fdza IT a dal\u0161\u00ed.","og_url":"\/en\/","og_site_name":"T-SOFT","article_modified_time":"2025-02-02T14:42:08+00:00","twitter_misc":{"Est. reading time":"1 minute"},"schema":{"@context":"https:\/\/schema.org","@graph":[{"@type":"WebPage","@id":"\/en\/","url":"https:\/\/tsoft.cz\/en\/","name":"This is IT! | T-SOFT","isPartOf":{"@id":"https:\/\/www.tsoft.cz\/#website"},"datePublished":"2014-05-28T14:02:05+00:00","dateModified":"2025-02-02T14:42:08+00:00","description":"Mezi hlavn\u00ed obory spole\u010dnosti T-SOFT jsou - tvorba webov\u00fdch aplikac\u00ed, datov\u00e9 sklady, LogManager (SIEM), spisov\u00e1 slu\u017eba a spr\u00e1va dokument\u016f, anal\u00fdza IT a dal\u0161\u00ed.","breadcrumb":{"@id":"https:\/\/tsoft.cz\/en\/#breadcrumb"},"inLanguage":"en-US","potentialAction":[{"@type":"ReadAction","target":[["https:\/\/tsoft.cz\/en\/"]]}]},{"@type":"BreadcrumbList","@id":"https:\/\/tsoft.cz\/en\/#breadcrumb","itemListElement":[{"@type":"ListItem","position":1,"name":"Dom\u016f","item":"\/en\/"},{"@type":"ListItem","position":2,"name":"\u00davodn\u00ed str\u00e1nka"}]},{"@type":"WebSite","@id":"https:\/\/www.tsoft.cz\/#website","url":"https:\/\/www.tsoft.cz\/","name":"T-SOFT","description":"This is IT!","potentialAction":[{"@type":"SearchAction","target":{"@type":"EntryPoint","urlTemplate":"https:\/\/www.tsoft.cz\/?s={search_term_string}"},"query-input":{"@type":"PropertyValueSpecification","valueRequired":true,"valueName":"search_term_string"}}],"inLanguage":"en-US"}]}},"_links":{"self":[{"href":"https:\/\/tsoft.cz\/en\/wp-json\/wp\/v2\/pages\/2","targetHints":{"allow":["GET"]}}],"collection":[{"href":"https:\/\/tsoft.cz\/en\/wp-json\/wp\/v2\/pages"}],"about":[{"href":"https:\/\/tsoft.cz\/en\/wp-json\/wp\/v2\/types\/page"}],"author":[{"embeddable":true,"href":"https:\/\/tsoft.cz\/en\/wp-json\/wp\/v2\/users\/14"}],"replies":[{"embeddable":true,"href":"https:\/\/tsoft.cz\/en\/wp-json\/wp\/v2\/comments?post=2"}],"version-history":[{"count":25,"href":"https:\/\/tsoft.cz\/en\/wp-json\/wp\/v2\/pages\/2\/revisions"}],"predecessor-version":[{"id":6320,"href":"https:\/\/tsoft.cz\/en\/wp-json\/wp\/v2\/pages\/2\/revisions\/6320"}],"wp:attachment":[{"href":"https:\/\/tsoft.cz\/en\/wp-json\/wp\/v2\/media?parent=2"}],"curies":[{"name":"wp","href":"https:\/\/api.w.org\/{rel}","templated":true}]}}